{"id":26156,"date":"2020-07-23T09:34:46","date_gmt":"2020-07-23T09:34:46","guid":{"rendered":"https:\/\/siriusfacilities.learnway.de\/?page_id=26156"},"modified":"2020-08-11T13:49:41","modified_gmt":"2020-08-11T11:49:41","slug":"imprint","status":"publish","type":"page","link":"https:\/\/staging.learnway.de\/en\/imprint\/","title":{"rendered":"Imprint"},"content":{"rendered":"\t\t<div data-elementor-type=\"wp-post\" data-elementor-id=\"26156\" class=\"elementor elementor-26156 elementor-26155\" data-elementor-post-type=\"page\">\n\t\t\t\t\t\t<section class=\"elementor-section elementor-top-section elementor-element elementor-element-d55490c elementor-section-boxed elementor-section-height-default elementor-section-height-default\" data-id=\"d55490c\" data-element_type=\"section\" data-e-type=\"section\" data-settings=\"{&quot;background_background&quot;:&quot;gradient&quot;}\">\n\t\t\t\t\t\t<div class=\"elementor-container elementor-column-gap-default\">\n\t\t\t\t\t<div class=\"elementor-column elementor-col-100 elementor-top-column elementor-element elementor-element-cd13e24\" data-id=\"cd13e24\" data-element_type=\"column\" data-e-type=\"column\">\n\t\t\t<div class=\"elementor-widget-wrap elementor-element-populated\">\n\t\t\t\t\t\t<div class=\"elementor-element elementor-element-2367465 elementor-widget elementor-widget-heading\" data-id=\"2367465\" data-element_type=\"widget\" data-e-type=\"widget\" data-widget_type=\"heading.default\">\n\t\t\t\t<div class=\"elementor-widget-container\">\n\t\t\t\t\t<h1 class=\"elementor-heading-title elementor-size-default\"><b> Imprint<\/b><\/h1>\t\t\t\t<\/div>\n\t\t\t\t<\/div>\n\t\t\t\t\t<\/div>\n\t\t<\/div>\n\t\t\t\t\t<\/div>\n\t\t<\/section>\n\t\t\t\t<section class=\"elementor-section elementor-top-section elementor-element elementor-element-2b7c8e5a elementor-section-height-min-height elementor-section-boxed elementor-section-height-default elementor-section-items-middle\" data-id=\"2b7c8e5a\" data-element_type=\"section\" data-e-type=\"section\">\n\t\t\t\t\t\t<div class=\"elementor-container elementor-column-gap-default\">\n\t\t\t\t\t<div class=\"elementor-column elementor-col-100 elementor-top-column elementor-element elementor-element-6ee9448b\" data-id=\"6ee9448b\" data-element_type=\"column\" data-e-type=\"column\">\n\t\t\t<div class=\"elementor-widget-wrap elementor-element-populated\">\n\t\t\t\t\t\t<div class=\"elementor-element elementor-element-55e6d82 elementor-widget elementor-widget-text-editor\" data-id=\"55e6d82\" data-element_type=\"widget\" data-e-type=\"widget\" data-widget_type=\"text-editor.default\">\n\t\t\t\t<div class=\"elementor-widget-container\">\n\t\t\t\t\t\t\t\t\t<p style=\"font-size: 16px; font-style: normal; font-weight: 400; color: #26200f; font-family: 'Noto Sans', sans-serif;\"><strong>creanovo \u2013 motion &amp; media design GmbH<\/strong><br \/>Ellernstra\u00dfe 4<br \/>30175 Hannover<\/p>\n<p style=\"font-size: 16px; font-style: normal; font-weight: 400; color: #26200f; font-family: 'Noto Sans', sans-serif;\"><span style=\"font-size: 16px; font-weight: bold;\">Kontakt:<br \/><\/span>info@creanovo.de<br \/>fon +49 511 310165-0<br \/>fax +49 511 310165-27<\/p>\n<p style=\"font-size: 16px; font-style: normal; font-weight: 400; color: #26200f; font-family: 'Noto Sans', sans-serif;\"><span style=\"font-size: 16px; font-weight: bold;\">Vertreten durch:<\/span><br \/>Gesch\u00e4ftsf\u00fchrer: Dipl.-Des. Axel Kempf<\/p>\n<p style=\"font-size: 16px; font-style: normal; font-weight: 400; color: #26200f; font-family: 'Noto Sans', sans-serif;\"><span style=\"font-size: 16px; font-weight: bold;\">Registereintrag:<br \/><\/span>Eintragung im Handelsregister.<br \/>Registergericht:Amtsgericht Hannover<br \/>Registernummer: HRB 215931<\/p>\n<p style=\"font-size: 16px; font-style: normal; font-weight: 400; color: #26200f; font-family: 'Noto Sans', sans-serif;\"><span style=\"font-size: 16px; font-weight: bold;\">Umsatzsteuer:<br \/><\/span>Umsatzsteuer-Identifikationsnummer gem\u00e4\u00df \u00a727 a Umsatzsteuergesetz: DE815725457<\/p>\n<p style=\"font-size: 16px; font-style: normal; font-weight: 400; color: #26200f; font-family: 'Noto Sans', sans-serif;\"><span style=\"font-size: 16px; font-weight: bold;\">Streitschlichtung<br \/><\/span>Die Europ\u00e4ische Kommission stellt eine Plattform zur Online-Streitbeilegung (OS) bereit: https:\/\/ec.europa.eu\/consumers\/odr.<br \/>Unsere E-Mail-Adresse finden Sie oben im Impressum.<\/p>\n<p style=\"font-size: 16px; font-style: normal; font-weight: 400; color: #26200f; font-family: 'Noto Sans', sans-serif;\">Wir sind nicht bereit oder verpflichtet, an Streitbeilegungsverfahren vor einer Verbraucherschlichtungsstelle teilzunehmen.<\/p>\n<p style=\"font-size: 16px; font-style: normal; font-weight: 400; color: #26200f; font-family: 'Noto Sans', sans-serif;\"><span style=\"font-size: 16px; font-weight: bold;\">Haftung f\u00fcr Inalte<br \/><\/span>Als Diensteanbieter sind wir gem\u00e4\u00df \u00a7 7 Abs.1 TMG f\u00fcr eigene Inhalte auf diesen Seiten nach den allgemeinen Gesetzen verantwortlich. Nach \u00a7\u00a7 8 bis 10 TMG sind wir als Diensteanbieter jedoch nicht verpflichtet, \u00fcbermittelte oder gespeicherte fremde Informationen zu \u00fcberwachen oder nach Umst\u00e4nden zu forschen, die auf eine rechtswidrige T\u00e4tigkeit hinweisen.<\/p>\n<p style=\"font-size: 16px; font-style: normal; font-weight: 400; color: #26200f; font-family: 'Noto Sans', sans-serif;\">Verpflichtungen zur Entfernung oder Sperrung der Nutzung von Informationen nach den allgemeinen Gesetzen bleiben hiervon unber\u00fchrt. Eine diesbez\u00fcgliche Haftung ist jedoch erst ab dem Zeitpunkt der Kenntnis einer konkreten Rechtsverletzung m\u00f6glich. Bei Bekanntwerden von entsprechenden Rechtsverletzungen werden wir diese Inhalte umgehend entfernen.<\/p>\n<p style=\"font-size: 16px; font-style: normal; font-weight: 400; color: #26200f; font-family: 'Noto Sans', sans-serif;\"><span style=\"font-size: 16px; font-weight: bold;\">Haftung f\u00fcr Links<br \/><\/span>Unser Angebot enth\u00e4lt Links zu externen Websites Dritter, auf deren Inhalte wir keinen Einfluss haben. Deshalb k\u00f6nnen wir f\u00fcr diese fremden Inhalte auch keine Gew\u00e4hr \u00fcbernehmen. F\u00fcr die Inhalte der verlinkten Seiten ist stets der jeweilige Anbieter oder Betreiber der Seiten verantwortlich. Die verlinkten Seiten wurden zum Zeitpunkt der Verlinkung auf m\u00f6gliche Rechtsverst\u00f6\u00dfe \u00fcberpr\u00fcft. Rechtswidrige Inhalte waren zum Zeitpunkt der Verlinkung nicht erkennbar.<\/p>\n<p style=\"font-size: 16px; font-style: normal; font-weight: 400; color: #26200f; font-family: 'Noto Sans', sans-serif;\">Eine permanente inhaltliche Kontrolle der verlinkten Seiten ist jedoch ohne konkrete Anhaltspunkte einer Rechtsverletzung nicht zumutbar. Bei Bekanntwerden von Rechtsverletzungen werden wir derartige Links umgehend entfernen.<\/p>\n<p style=\"font-size: 16px; font-style: normal; font-weight: 400; color: #26200f; font-family: 'Noto Sans', sans-serif;\"><span style=\"font-size: 16px; font-weight: bold;\">Urheberrecht<br \/><\/span>Die durch die Seitenbetreiber erstellten Inhalte und Werke auf diesen Seiten unterliegen dem deutschen Urheberrecht. Die Vervielf\u00e4ltigung, Bearbeitung, Verbreitung und jede Art der Verwertung au\u00dferhalb der Grenzen des Urheberrechtes bed\u00fcrfen der schriftlichen Zustimmung des jeweiligen Autors bzw. Erstellers. Downloads und Kopien dieser Seite sind nur f\u00fcr den privaten, nicht kommerziellen Gebrauch gestattet.<\/p>\n<p style=\"font-size: 16px; font-style: normal; font-weight: 400; color: #26200f; font-family: 'Noto Sans', sans-serif;\">Soweit die Inhalte auf dieser Seite nicht vom Betreiber erstellt wurden, werden die Urheberrechte Dritter beachtet. Insbesondere werden Inhalte Dritter als solche gekennzeichnet. Sollten Sie trotzdem auf eine Urheberrechtsverletzung aufmerksam werden, bitten wir um einen entsprechenden Hinweis. Bei Bekanntwerden von Rechtsverletzungen werden wir derartige Inhalte umgehend entfernen.<\/p>\n\t\t\t\t\t\t\t\t<\/div>\n\t\t\t\t<\/div>\n\t\t\t\t\t<\/div>\n\t\t<\/div>\n\t\t\t\t\t<\/div>\n\t\t<\/section>\n\t\t\t\t<\/div>\n\t\t","protected":false},"excerpt":{"rendered":"<p>Imprint creanovo \u2013 motion &amp; media design GmbHEllernstra\u00dfe 430175 Hannover Kontakt:info@creanovo.defon +49 511 310165-0fax +49 511 310165-27 Vertreten durch:Gesch\u00e4ftsf\u00fchrer: Dipl.-Des. Axel Kempf Registereintrag:Eintragung im Handelsregister.Registergericht:Amtsgericht HannoverRegisternummer: HRB 215931 Umsatzsteuer:Umsatzsteuer-Identifikationsnummer gem\u00e4\u00df \u00a727 a Umsatzsteuergesetz: DE815725457 StreitschlichtungDie Europ\u00e4ische Kommission stellt eine Plattform zur Online-Streitbeilegung (OS) bereit: https:\/\/ec.europa.eu\/consumers\/odr.Unsere E-Mail-Adresse finden Sie oben im Impressum. Wir sind nicht bereit [&hellip;]<\/p>\n","protected":false},"author":1,"featured_media":0,"parent":0,"menu_order":0,"comment_status":"closed","ping_status":"closed","template":"","meta":{"site-sidebar-layout":"no-sidebar","site-content-layout":"page-builder","ast-site-content-layout":"default","site-content-style":"default","site-sidebar-style":"default","ast-global-header-display":"","ast-banner-title-visibility":"","ast-main-header-display":"","ast-hfb-above-header-display":"","ast-hfb-below-header-display":"","ast-hfb-mobile-header-display":"","site-post-title":"disabled","ast-breadcrumbs-content":"","ast-featured-img":"disabled","footer-sml-layout":"","ast-disable-related-posts":"","theme-transparent-header-meta":"enabled","adv-header-id-meta":"","stick-header-meta":"","header-above-stick-meta":"","header-main-stick-meta":"","header-below-stick-meta":"","astra-migrate-meta-layouts":"default","ast-page-background-enabled":"default","ast-page-background-meta":{"desktop":{"background-color":"","background-image":"","background-repeat":"repeat","background-position":"center center","background-size":"auto","background-attachment":"scroll","background-type":"","background-media":"","overlay-type":"","overlay-color":"","overlay-opacity":"","overlay-gradient":""},"tablet":{"background-color":"","background-image":"","background-repeat":"repeat","background-position":"center center","background-size":"auto","background-attachment":"scroll","background-type":"","background-media":"","overlay-type":"","overlay-color":"","overlay-opacity":"","overlay-gradient":""},"mobile":{"background-color":"","background-image":"","background-repeat":"repeat","background-position":"center center","background-size":"auto","background-attachment":"scroll","background-type":"","background-media":"","overlay-type":"","overlay-color":"","overlay-opacity":"","overlay-gradient":""}},"ast-content-background-meta":{"desktop":{"background-color":"var(--ast-global-color-5)","background-image":"","background-repeat":"repeat","background-position":"center center","background-size":"auto","background-attachment":"scroll","background-type":"","background-media":"","overlay-type":"","overlay-color":"","overlay-opacity":"","overlay-gradient":""},"tablet":{"background-color":"var(--ast-global-color-5)","background-image":"","background-repeat":"repeat","background-position":"center center","background-size":"auto","background-attachment":"scroll","background-type":"","background-media":"","overlay-type":"","overlay-color":"","overlay-opacity":"","overlay-gradient":""},"mobile":{"background-color":"var(--ast-global-color-5)","background-image":"","background-repeat":"repeat","background-position":"center center","background-size":"auto","background-attachment":"scroll","background-type":"","background-media":"","overlay-type":"","overlay-color":"","overlay-opacity":"","overlay-gradient":""}},"footnotes":""},"class_list":["post-26156","page","type-page","status-publish","hentry"],"_links":{"self":[{"href":"https:\/\/staging.learnway.de\/en\/wp-json\/wp\/v2\/pages\/26156","targetHints":{"allow":["GET"]}}],"collection":[{"href":"https:\/\/staging.learnway.de\/en\/wp-json\/wp\/v2\/pages"}],"about":[{"href":"https:\/\/staging.learnway.de\/en\/wp-json\/wp\/v2\/types\/page"}],"author":[{"embeddable":true,"href":"https:\/\/staging.learnway.de\/en\/wp-json\/wp\/v2\/users\/1"}],"replies":[{"embeddable":true,"href":"https:\/\/staging.learnway.de\/en\/wp-json\/wp\/v2\/comments?post=26156"}],"version-history":[{"count":5,"href":"https:\/\/staging.learnway.de\/en\/wp-json\/wp\/v2\/pages\/26156\/revisions"}],"predecessor-version":[{"id":26700,"href":"https:\/\/staging.learnway.de\/en\/wp-json\/wp\/v2\/pages\/26156\/revisions\/26700"}],"wp:attachment":[{"href":"https:\/\/staging.learnway.de\/en\/wp-json\/wp\/v2\/media?parent=26156"}],"curies":[{"name":"wp","href":"https:\/\/api.w.org\/{rel}","templated":true}]}}